{"id":1598,"date":"2025-07-07T09:20:07","date_gmt":"2025-07-07T09:20:07","guid":{"rendered":"https:\/\/imari.pl\/?page_id=1598"},"modified":"2025-12-31T11:02:01","modified_gmt":"2025-12-31T11:02:01","slug":"protetyka-stomatologiczna","status":"publish","type":"page","link":"https:\/\/imari.pl\/en\/protetyka-stomatologiczna\/","title":{"rendered":"Dental prosthetics"},"content":{"rendered":"<div data-elementor-type=\"wp-page\" data-elementor-id=\"1598\" class=\"elementor elementor-1598\">\n\t\t\t\t<div class=\"elementor-element elementor-element-94ac41e e-flex e-con-boxed e-con e-parent\" data-id=\"94ac41e\" data-element_type=\"container\">\n\t\t\t\t\t<div class=\"e-con-inner\">\n\t\t\t\t<div class=\"elementor-element elementor-element-efa19d7 elementor-widget elementor-widget-text-editor\" data-id=\"efa19d7\" data-element_type=\"widget\" data-widget_type=\"text-editor.default\">\n\t\t\t\t<div class=\"elementor-widget-container\">\n\t\t\t\t\t\t\t\t\t<p><img fetchpriority=\"high\" decoding=\"async\" class=\"rounded-photo alignleft wp-image-3241\" src=\"https:\/\/imari.pl\/wp-content\/uploads\/2025\/08\/artificial-jaw-dentist-s-office-1024x683.jpg\" alt=\"\" width=\"600\" height=\"400\" srcset=\"https:\/\/imari.pl\/wp-content\/uploads\/2025\/08\/artificial-jaw-dentist-s-office-1024x683.jpg 1024w, https:\/\/imari.pl\/wp-content\/uploads\/2025\/08\/artificial-jaw-dentist-s-office-300x200.jpg 300w, https:\/\/imari.pl\/wp-content\/uploads\/2025\/08\/artificial-jaw-dentist-s-office-768x512.jpg 768w, https:\/\/imari.pl\/wp-content\/uploads\/2025\/08\/artificial-jaw-dentist-s-office-1536x1024.jpg 1536w, https:\/\/imari.pl\/wp-content\/uploads\/2025\/08\/artificial-jaw-dentist-s-office-2048x1365.jpg 2048w, https:\/\/imari.pl\/wp-content\/uploads\/2025\/08\/artificial-jaw-dentist-s-office-18x12.jpg 18w\" sizes=\"(max-width: 600px) 100vw, 600px\" \/><\/p><div>Dental prosthetics is a field dedicated to restoring lost teeth and improving the aesthetics of smiles. We utilize modern technologies, including digital prosthetics, which allow for precise planning and execution of prosthetic work using 3D scanning and computer-aided design (CAD\/CAM). We offer crowns, bridges, dentures, and implant-supported solutions\u2014all with comfort and a natural aesthetic in mind.<\/div>\t\t\t\t\t\t\t\t<\/div>\n\t\t\t\t<\/div>\n\t\t<div class=\"elementor-element elementor-element-8a4ed78 e-con-full e-grid e-con e-child\" data-id=\"8a4ed78\" data-element_type=\"container\" data-settings=\"{&quot;background_background&quot;:&quot;classic&quot;}\">\n\t\t\t\t<div class=\"elementor-element elementor-element-78d3260 elementor-widget elementor-widget-text-editor\" data-id=\"78d3260\" data-element_type=\"widget\" data-widget_type=\"text-editor.default\">\n\t\t\t\t<div class=\"elementor-widget-container\">\n\t\t\t\t\t\t\t\t\t<p>Check the current prices of our services at the <a href=\"https:\/\/imari.pl\/en\/cennik\/\">Price List<\/a>.<\/p>\t\t\t\t\t\t\t\t<\/div>\n\t\t\t\t<\/div>\n\t\t\t\t<div class=\"elementor-element elementor-element-fa5d3e1 elementor-align-right elementor-widget elementor-widget-button\" data-id=\"fa5d3e1\" data-element_type=\"widget\" data-widget_type=\"button.default\">\n\t\t\t\t<div class=\"elementor-widget-container\">\n\t\t\t\t\t\t\t\t\t<div class=\"elementor-button-wrapper\">\n\t\t\t\t\t<a class=\"elementor-button elementor-button-link elementor-size-sm\" href=\"https:\/\/imari.pl\/en\/kontakt\/#wyslij-wiadomosc\">\n\t\t\t\t\t\t<span class=\"elementor-button-content-wrapper\">\n\t\t\t\t\t\t<span class=\"elementor-button-icon\">\n\t\t\t\t<svg xmlns=\"http:\/\/www.w3.org\/2000\/svg\" viewbox=\"0 0 24 24\"><path fill-rule=\"evenodd\" d=\"M24 0v22.78h-2.87V4.9L2.03 24 0 21.97l19.1-19.1H1.26V0H24Z\"><\/path><\/svg>\t\t\t<\/span>\n\t\t\t\t\t\t\t\t\t<span class=\"elementor-button-text\">Book a consultation<\/span>\n\t\t\t\t\t<\/span>\n\t\t\t\t\t<\/a>\n\t\t\t\t<\/div>\n\t\t\t\t\t\t\t\t<\/div>\n\t\t\t\t<\/div>\n\t\t\t\t<\/div>\n\t\t\t\t\t<\/div>\n\t\t\t\t<\/div>\n\t\t\t\t<\/div>","protected":false},"excerpt":{"rendered":"<p>Protetyka stomatologiczna to dziedzina zajmuj\u0105ca si\u0119 odbudow\u0105 utraconych z\u0119b\u00f3w i popraw\u0105 estetyki u\u015bmiechu. Korzystamy z nowoczesnych technologii, w tym protetyki cyfrowej, kt\u00f3ra pozwala na precyzyjne planowanie i wykonanie prac protetycznych z u\u017cyciem skanowania 3D i projektowania komputerowego (CAD\/CAM). Oferujemy korony, mosty, protezy oraz rozwi\u0105zania na implantach \u2013 wszystko z my\u015bl\u0105 o komforcie i naturalnym efekcie [&hellip;]<\/p>","protected":false},"author":1,"featured_media":0,"parent":0,"menu_order":0,"comment_status":"closed","ping_status":"closed","template":"","meta":{"footnotes":""},"class_list":["post-1598","page","type-page","status-publish","hentry"],"blocksy_meta":[],"_links":{"self":[{"href":"https:\/\/imari.pl\/en\/wp-json\/wp\/v2\/pages\/1598","targetHints":{"allow":["GET"]}}],"collection":[{"href":"https:\/\/imari.pl\/en\/wp-json\/wp\/v2\/pages"}],"about":[{"href":"https:\/\/imari.pl\/en\/wp-json\/wp\/v2\/types\/page"}],"author":[{"embeddable":true,"href":"https:\/\/imari.pl\/en\/wp-json\/wp\/v2\/users\/1"}],"replies":[{"embeddable":true,"href":"https:\/\/imari.pl\/en\/wp-json\/wp\/v2\/comments?post=1598"}],"version-history":[{"count":0,"href":"https:\/\/imari.pl\/en\/wp-json\/wp\/v2\/pages\/1598\/revisions"}],"wp:attachment":[{"href":"https:\/\/imari.pl\/en\/wp-json\/wp\/v2\/media?parent=1598"}],"curies":[{"name":"wp","href":"https:\/\/api.w.org\/{rel}","templated":true}]}}