{"id":1612,"date":"2025-07-07T09:27:49","date_gmt":"2025-07-07T09:27:49","guid":{"rendered":"https:\/\/imari.pl\/?page_id=1612"},"modified":"2025-08-15T21:54:35","modified_gmt":"2025-08-15T21:54:35","slug":"nfz","status":"publish","type":"page","link":"https:\/\/imari.pl\/en\/nfz\/","title":{"rendered":"NFZ"},"content":{"rendered":"<div data-elementor-type=\"wp-page\" data-elementor-id=\"1612\" class=\"elementor elementor-1612\">\n\t\t\t\t<div class=\"elementor-element elementor-element-94ac41e e-flex e-con-boxed e-con e-parent\" data-id=\"94ac41e\" data-element_type=\"container\">\n\t\t\t\t\t<div class=\"e-con-inner\">\n\t\t\t\t<div class=\"elementor-element elementor-element-efa19d7 elementor-widget elementor-widget-text-editor\" data-id=\"efa19d7\" data-element_type=\"widget\" data-widget_type=\"text-editor.default\">\n\t\t\t\t<div class=\"elementor-widget-container\">\n\t\t\t\t\t\t\t\t\t<p><span style=\"font-size: 16px; font-family: helvetica;\"><img decoding=\"async\" class=\"wp-image-1614 size-medium aligncenter\" src=\"https:\/\/imari.pl\/wp-content\/uploads\/2025\/07\/NFZ_logo.svg-300x114.png\" alt=\"\" width=\"300\" height=\"114\" srcset=\"https:\/\/imari.pl\/wp-content\/uploads\/2025\/07\/NFZ_logo.svg-300x114.png 300w, https:\/\/imari.pl\/wp-content\/uploads\/2025\/07\/NFZ_logo.svg.png 390w\" sizes=\"(max-width: 300px) 100vw, 300px\" \/><\/span><\/p><div><div><span style=\"font-size: 16px; font-family: helvetica;\">IMARI Clinic has a contract with the National Health Fund (NFZ) for orthodontics, prosthetics, conservative dentistry, pediatric dentistry, and periodontology. In accordance with the Act of November 6, 2008, on Patient Rights and the Patient Rights Ombudsman and relevant regulations, insured individuals are entitled to these procedures:<\/span><\/div><div>\u00a0<\/div><\/div>\t\t\t\t\t\t\t\t<\/div>\n\t\t\t\t<\/div>\n\t\t<div class=\"elementor-element elementor-element-a3a7d3a e-grid e-con-full e-con e-child\" data-id=\"a3a7d3a\" data-element_type=\"container\" data-settings=\"{&quot;background_background&quot;:&quot;classic&quot;}\">\n\t\t\t\t<div class=\"elementor-element elementor-element-1f4b135 elementor-widget elementor-widget-heading\" data-id=\"1f4b135\" data-element_type=\"widget\" data-widget_type=\"heading.default\">\n\t\t\t\t<div class=\"elementor-widget-container\">\n\t\t\t\t\t<h2 class=\"elementor-heading-title elementor-size-default\">Check-up visits and preventive care<\/h2>\t\t\t\t<\/div>\n\t\t\t\t<\/div>\n\t\t\t\t<div class=\"elementor-element elementor-element-295e7f2 elementor-widget elementor-widget-text-editor\" data-id=\"295e7f2\" data-element_type=\"widget\" data-widget_type=\"text-editor.default\">\n\t\t\t\t<div class=\"elementor-widget-container\">\n\t\t\t\t\t\t\t\t\t<ul><li><span class=\"gmail-relative gmail--mx-px gmail-my-[-0.2rem] gmail-rounded gmail-px-px gmail-py-[0.2rem] gmail-transition-colors gmail-duration-100 ease-in-out\">Dental examination with oral hygiene instructions \u2013 once a year.<\/span><\/li><li style=\"text-align: left;\"><span class=\"gmail-relative gmail--mx-px gmail-my-[-0.2rem] gmail-rounded gmail-px-px gmail-py-[0.2rem] gmail-transition-colors gmail-duration-100 ease-in-out\">Check-up visits \u2013 up to 3 times a year.<\/span><\/li><\/ul>\t\t\t\t\t\t\t\t<\/div>\n\t\t\t\t<\/div>\n\t\t\t\t<\/div>\n\t\t<div class=\"elementor-element elementor-element-857dd79 e-grid e-con-full e-con e-child\" data-id=\"857dd79\" data-element_type=\"container\" data-settings=\"{&quot;background_background&quot;:&quot;classic&quot;}\">\n\t\t\t\t<div class=\"elementor-element elementor-element-c881071 elementor-widget elementor-widget-heading\" data-id=\"c881071\" data-element_type=\"widget\" data-widget_type=\"heading.default\">\n\t\t\t\t<div class=\"elementor-widget-container\">\n\t\t\t\t\t<h2 class=\"elementor-heading-title elementor-size-default\">Dental hygienization<\/h2>\t\t\t\t<\/div>\n\t\t\t\t<\/div>\n\t\t\t\t<div class=\"elementor-element elementor-element-236870d elementor-widget elementor-widget-text-editor\" data-id=\"236870d\" data-element_type=\"widget\" data-widget_type=\"text-editor.default\">\n\t\t\t\t<div class=\"elementor-widget-container\">\n\t\t\t\t\t\t\t\t\t<ul><li><span class=\"gmail-relative gmail--mx-px gmail-my-[-0.2rem] gmail-rounded gmail-px-px gmail-py-[0.2rem] gmail-transition-colors gmail-duration-100 ease-in-out\">Removal of \"tartar\" (scaling) \u2013 once a year.<\/span><\/li><li><span class=\"gmail-relative gmail--mx-px gmail-my-[-0.2rem] gmail-rounded gmail-px-px gmail-py-[0.2rem] gmail-transition-colors gmail-duration-100 ease-in-out\">Detailed oral hygiene instruction.<\/span><\/li><\/ul>\t\t\t\t\t\t\t\t<\/div>\n\t\t\t\t<\/div>\n\t\t\t\t<\/div>\n\t\t<div class=\"elementor-element elementor-element-faffe72 e-grid e-con-full e-con e-child\" data-id=\"faffe72\" data-element_type=\"container\" data-settings=\"{&quot;background_background&quot;:&quot;classic&quot;}\">\n\t\t\t\t<div class=\"elementor-element elementor-element-8405286 elementor-widget elementor-widget-heading\" data-id=\"8405286\" data-element_type=\"widget\" data-widget_type=\"heading.default\">\n\t\t\t\t<div class=\"elementor-widget-container\">\n\t\t\t\t\t<h2 class=\"elementor-heading-title elementor-size-default\">Anesthesia<\/h2>\t\t\t\t<\/div>\n\t\t\t\t<\/div>\n\t\t\t\t<div class=\"elementor-element elementor-element-8e9b65e elementor-widget elementor-widget-text-editor\" data-id=\"8e9b65e\" data-element_type=\"widget\" data-widget_type=\"text-editor.default\">\n\t\t\t\t<div class=\"elementor-widget-container\">\n\t\t\t\t\t\t\t\t\t<ul><li><span class=\"gmail-relative gmail--mx-px gmail-my-[-0.2rem] gmail-rounded gmail-px-px gmail-py-[0.2rem] gmail-transition-colors gmail-duration-100 ease-in-out\">Free local anesthesia (including topical, infiltration and conduction techniques)\u00a0<u>with every procedure<\/u><\/span><\/li><\/ul>\t\t\t\t\t\t\t\t<\/div>\n\t\t\t\t<\/div>\n\t\t\t\t<\/div>\n\t\t<div class=\"elementor-element elementor-element-e478cf6 e-grid e-con-full e-con e-child\" data-id=\"e478cf6\" data-element_type=\"container\" data-settings=\"{&quot;background_background&quot;:&quot;classic&quot;}\">\n\t\t\t\t<div class=\"elementor-element elementor-element-0161040 elementor-widget elementor-widget-heading\" data-id=\"0161040\" data-element_type=\"widget\" data-widget_type=\"heading.default\">\n\t\t\t\t<div class=\"elementor-widget-container\">\n\t\t\t\t\t<h2 class=\"elementor-heading-title elementor-size-default\">Fillings and caries treatment<\/h2>\t\t\t\t<\/div>\n\t\t\t\t<\/div>\n\t\t\t\t<div class=\"elementor-element elementor-element-f528102 elementor-widget elementor-widget-text-editor\" data-id=\"f528102\" data-element_type=\"widget\" data-widget_type=\"text-editor.default\">\n\t\t\t\t<div class=\"elementor-widget-container\">\n\t\t\t\t\t\t\t\t\t<ul><li><span class=\"gmail-relative gmail--mx-px gmail-my-[-0.2rem] gmail-rounded gmail-px-px gmail-py-[0.2rem] gmail-transition-colors gmail-duration-100 ease-in-out\">White fillings in the front teeth (from 1 to 3) \u2014 all free of charge. For the remaining teeth \u2014 glass ionomer fillings.<\/span><\/li><\/ul>\t\t\t\t\t\t\t\t<\/div>\n\t\t\t\t<\/div>\n\t\t\t\t<\/div>\n\t\t<div class=\"elementor-element elementor-element-f22f79a e-grid e-con-full e-con e-child\" data-id=\"f22f79a\" data-element_type=\"container\" data-settings=\"{&quot;background_background&quot;:&quot;classic&quot;}\">\n\t\t\t\t<div class=\"elementor-element elementor-element-26bd580 elementor-widget elementor-widget-heading\" data-id=\"26bd580\" data-element_type=\"widget\" data-widget_type=\"heading.default\">\n\t\t\t\t<div class=\"elementor-widget-container\">\n\t\t\t\t\t<h2 class=\"elementor-heading-title elementor-size-default\">Root canal treatment<\/h2>\t\t\t\t<\/div>\n\t\t\t\t<\/div>\n\t\t\t\t<div class=\"elementor-element elementor-element-84e6d2a elementor-widget elementor-widget-text-editor\" data-id=\"84e6d2a\" data-element_type=\"widget\" data-widget_type=\"text-editor.default\">\n\t\t\t\t<div class=\"elementor-widget-container\">\n\t\t\t\t\t\t\t\t\t<ul><li><span class=\"gmail-relative gmail--mx-px gmail-my-[-0.2rem] gmail-rounded gmail-px-px gmail-py-[0.2rem] gmail-transition-colors gmail-duration-100 ease-in-out\">For adults - root canal treatment from canine to canine.<\/span><\/li><li><span class=\"gmail-relative gmail--mx-px gmail-my-[-0.2rem] gmail-rounded gmail-px-px gmail-py-[0.2rem] gmail-transition-colors gmail-duration-100 ease-in-out\">For children and adolescents up to 18 years of age (and pregnant and postpartum women) \u2013 root canal treatment of all teeth (up to 3 canals).<\/span><\/li><\/ul>\t\t\t\t\t\t\t\t<\/div>\n\t\t\t\t<\/div>\n\t\t\t\t<\/div>\n\t\t<div class=\"elementor-element elementor-element-9a0fe84 e-grid e-con-full e-con e-child\" data-id=\"9a0fe84\" data-element_type=\"container\" data-settings=\"{&quot;background_background&quot;:&quot;classic&quot;}\">\n\t\t\t\t<div class=\"elementor-element elementor-element-1ea4577 elementor-widget elementor-widget-heading\" data-id=\"1ea4577\" data-element_type=\"widget\" data-widget_type=\"heading.default\">\n\t\t\t\t<div class=\"elementor-widget-container\">\n\t\t\t\t\t<h2 class=\"elementor-heading-title elementor-size-default\">Pediatric prevention<\/h2>\t\t\t\t<\/div>\n\t\t\t\t<\/div>\n\t\t\t\t<div class=\"elementor-element elementor-element-d8caa4b elementor-widget elementor-widget-text-editor\" data-id=\"d8caa4b\" data-element_type=\"widget\" data-widget_type=\"text-editor.default\">\n\t\t\t\t<div class=\"elementor-widget-container\">\n\t\t\t\t\t\t\t\t\t<ul><li><span class=\"gmail-relative gmail--mx-px gmail-my-[-0.2rem] gmail-rounded gmail-px-px gmail-py-[0.2rem] gmail-transition-colors gmail-duration-100 ease-in-out\">Sealant application for molars:\"sixes\" up to age 8, \"sevens\" up to age 14.<\/span><\/li><li><span class=\"gmail-relative gmail--mx-px gmail-my-[-0.2rem] gmail-rounded gmail-px-px gmail-py-[0.2rem] gmail-transition-colors gmail-duration-100 ease-in-out\">Fluoride varnish treatment for all permanent teeth every three months until the age of 18.<\/span><\/li><\/ul>\t\t\t\t\t\t\t\t<\/div>\n\t\t\t\t<\/div>\n\t\t\t\t<\/div>\n\t\t<div class=\"elementor-element elementor-element-ac2c09f e-grid e-con-full e-con e-child\" data-id=\"ac2c09f\" data-element_type=\"container\" data-settings=\"{&quot;background_background&quot;:&quot;classic&quot;}\">\n\t\t\t\t<div class=\"elementor-element elementor-element-01bed84 elementor-widget elementor-widget-heading\" data-id=\"01bed84\" data-element_type=\"widget\" data-widget_type=\"heading.default\">\n\t\t\t\t<div class=\"elementor-widget-container\">\n\t\t\t\t\t<h2 class=\"elementor-heading-title elementor-size-default\">Periodontal treatment and surgery<\/h2>\t\t\t\t<\/div>\n\t\t\t\t<\/div>\n\t\t\t\t<div class=\"elementor-element elementor-element-af5ec40 elementor-widget elementor-widget-text-editor\" data-id=\"af5ec40\" data-element_type=\"widget\" data-widget_type=\"text-editor.default\">\n\t\t\t\t<div class=\"elementor-widget-container\">\n\t\t\t\t\t\t\t\t\t<ul><li><span class=\"gmail-relative gmail--mx-px gmail-my-[-0.2rem] gmail-rounded gmail-px-px gmail-py-[0.2rem] gmail-transition-colors gmail-duration-100 ease-in-out\">Treatment of gingivitis and periodontitis (including curettage, pocket rinsing), frenulum plastic surgery, tooth extraction, surgical procedures \u2013 as part of guaranteed services.<\/span><\/li><\/ul>\t\t\t\t\t\t\t\t<\/div>\n\t\t\t\t<\/div>\n\t\t\t\t<\/div>\n\t\t<div class=\"elementor-element elementor-element-bfb54dd e-grid e-con-full e-con e-child\" data-id=\"bfb54dd\" data-element_type=\"container\" data-settings=\"{&quot;background_background&quot;:&quot;classic&quot;}\">\n\t\t\t\t<div class=\"elementor-element elementor-element-be8889f elementor-widget elementor-widget-heading\" data-id=\"be8889f\" data-element_type=\"widget\" data-widget_type=\"heading.default\">\n\t\t\t\t<div class=\"elementor-widget-container\">\n\t\t\t\t\t<h2 class=\"elementor-heading-title elementor-size-default\">Dental Prosthetics<\/h2>\t\t\t\t<\/div>\n\t\t\t\t<\/div>\n\t\t\t\t<div class=\"elementor-element elementor-element-4059348 elementor-widget elementor-widget-text-editor\" data-id=\"4059348\" data-element_type=\"widget\" data-widget_type=\"text-editor.default\">\n\t\t\t\t<div class=\"elementor-widget-container\">\n\t\t\t\t\t\t\t\t\t<ul><li><span class=\"gmail-relative gmail--mx-px gmail-my-[-0.2rem] gmail-rounded gmail-px-px gmail-py-[0.2rem] gmail-transition-colors gmail-duration-100 ease-in-out\">Removable acrylic partial or complete dentures \u2013 once every 5 years.<\/span><\/li><li><span class=\"gmail-relative gmail--mx-px gmail-my-[-0.2rem] gmail-rounded gmail-px-px gmail-py-[0.2rem] gmail-transition-colors gmail-duration-100 ease-in-out\">Repair of removable dentures \u2013 once every 2 years.<\/span><\/li><\/ul>\t\t\t\t\t\t\t\t<\/div>\n\t\t\t\t<\/div>\n\t\t\t\t<\/div>\n\t\t<div class=\"elementor-element elementor-element-15ca4bb e-grid e-con-full e-con e-child\" data-id=\"15ca4bb\" data-element_type=\"container\" data-settings=\"{&quot;background_background&quot;:&quot;classic&quot;}\">\n\t\t\t\t<div class=\"elementor-element elementor-element-b952d72 elementor-widget elementor-widget-heading\" data-id=\"b952d72\" data-element_type=\"widget\" data-widget_type=\"heading.default\">\n\t\t\t\t<div class=\"elementor-widget-container\">\n\t\t\t\t\t<h2 class=\"elementor-heading-title elementor-size-default\">Orthodontics<\/h2>\t\t\t\t<\/div>\n\t\t\t\t<\/div>\n\t\t\t\t<div class=\"elementor-element elementor-element-0ee46d4 elementor-widget elementor-widget-text-editor\" data-id=\"0ee46d4\" data-element_type=\"widget\" data-widget_type=\"text-editor.default\">\n\t\t\t\t<div class=\"elementor-widget-container\">\n\t\t\t\t\t\t\t\t\t<ul><li><span class=\"gmail-relative gmail--mx-px gmail-my-[-0.2rem] gmail-rounded gmail-px-px gmail-py-[0.2rem] gmail-transition-colors gmail-duration-100 ease-in-out\">Fabrication and repair of removable orthodontic appliances for children up to 12 years of age<\/span><\/li><li><span class=\"gmail-relative gmail--mx-px gmail-my-[-0.2rem] gmail-rounded gmail-px-px gmail-py-[0.2rem] gmail-transition-colors gmail-duration-100 ease-in-out\">Follow-up treatment with removable braces under the NFZ up to the age of 13.<\/span><\/li><\/ul>\t\t\t\t\t\t\t\t<\/div>\n\t\t\t\t<\/div>\n\t\t\t\t<\/div>\n\t\t\t\t\t<\/div>\n\t\t\t\t<\/div>\n\t\t\t\t<\/div>","protected":false},"excerpt":{"rendered":"<p>Przychodnia IMARI posiada kontrakt z Narodowym Funduszem Zdrowia (NFZ) w zakresie ortodoncji, protetyki, stomatologii zachowawczej, stomatologii dzieci\u0119cej oraz periodontologii. Zgodnie z ustaw\u0105 z dnia 6 listopada 2008 r. o prawach pacjenta i Rzeczniku Praw Pacjenta oraz odpowiednimi rozporz\u0105dzeniami, ubezpieczonym przys\u0142uguj\u0105:\u00a0 Wizyty kontrolne i profilaktyka Badanie stomatologiczne wraz z instrukta\u017cem higieny jamy ustnej \u2013 raz w [&hellip;]<\/p>","protected":false},"author":1,"featured_media":0,"parent":0,"menu_order":0,"comment_status":"closed","ping_status":"closed","template":"","meta":{"footnotes":""},"class_list":["post-1612","page","type-page","status-publish","hentry"],"blocksy_meta":[],"_links":{"self":[{"href":"https:\/\/imari.pl\/en\/wp-json\/wp\/v2\/pages\/1612","targetHints":{"allow":["GET"]}}],"collection":[{"href":"https:\/\/imari.pl\/en\/wp-json\/wp\/v2\/pages"}],"about":[{"href":"https:\/\/imari.pl\/en\/wp-json\/wp\/v2\/types\/page"}],"author":[{"embeddable":true,"href":"https:\/\/imari.pl\/en\/wp-json\/wp\/v2\/users\/1"}],"replies":[{"embeddable":true,"href":"https:\/\/imari.pl\/en\/wp-json\/wp\/v2\/comments?post=1612"}],"version-history":[{"count":0,"href":"https:\/\/imari.pl\/en\/wp-json\/wp\/v2\/pages\/1612\/revisions"}],"wp:attachment":[{"href":"https:\/\/imari.pl\/en\/wp-json\/wp\/v2\/media?parent=1612"}],"curies":[{"name":"wp","href":"https:\/\/api.w.org\/{rel}","templated":true}]}}