{"id":3563,"date":"2025-12-31T10:48:23","date_gmt":"2025-12-31T10:48:23","guid":{"rendered":"https:\/\/imari.pl\/?page_id=3563"},"modified":"2026-01-07T20:16:09","modified_gmt":"2026-01-07T20:16:09","slug":"aparat-staly-warszawa","status":"publish","type":"page","link":"https:\/\/imari.pl\/en\/aparat-staly-warszawa\/","title":{"rendered":"Aparat sta\u0142y warszawa"},"content":{"rendered":"<div data-elementor-type=\"wp-page\" data-elementor-id=\"3563\" class=\"elementor elementor-3563\">\n\t\t\t\t<div class=\"elementor-element elementor-element-94ac41e e-flex e-con-boxed e-con e-parent\" data-id=\"94ac41e\" data-element_type=\"container\">\n\t\t\t\t\t<div class=\"e-con-inner\">\n\t\t\t\t<div class=\"elementor-element elementor-element-efa19d7 elementor-widget elementor-widget-text-editor\" data-id=\"efa19d7\" data-element_type=\"widget\" data-widget_type=\"text-editor.default\">\n\t\t\t\t<div class=\"elementor-widget-container\">\n\t\t\t\t\t\t\t\t\t<p><img fetchpriority=\"high\" decoding=\"async\" class=\"rounded-photo alignleft wp-image-3227\" src=\"https:\/\/imari.pl\/wp-content\/uploads\/2025\/08\/beautiful-girl-sitting-dentist-s-office-1-1024x683.jpg\" alt=\"\" width=\"600\" height=\"400\" srcset=\"https:\/\/imari.pl\/wp-content\/uploads\/2025\/08\/beautiful-girl-sitting-dentist-s-office-1-1024x683.jpg 1024w, https:\/\/imari.pl\/wp-content\/uploads\/2025\/08\/beautiful-girl-sitting-dentist-s-office-1-300x200.jpg 300w, https:\/\/imari.pl\/wp-content\/uploads\/2025\/08\/beautiful-girl-sitting-dentist-s-office-1-768x512.jpg 768w, https:\/\/imari.pl\/wp-content\/uploads\/2025\/08\/beautiful-girl-sitting-dentist-s-office-1-1536x1024.jpg 1536w, https:\/\/imari.pl\/wp-content\/uploads\/2025\/08\/beautiful-girl-sitting-dentist-s-office-1-2048x1365.jpg 2048w, https:\/\/imari.pl\/wp-content\/uploads\/2025\/08\/beautiful-girl-sitting-dentist-s-office-1-18x12.jpg 18w\" sizes=\"(max-width: 600px) 100vw, 600px\" \/><\/p><div><b data-path-to-node=\"13\" data-index-in-node=\"0\">Aparat sta\u0142y Warszawa<\/b> Tradycyjny <b data-path-to-node=\"13\" data-index-in-node=\"33\">aparat sta\u0142y w Warszawie<\/b> to skuteczna metoda korekcji nawet skomplikowanych wad zgryzu. W naszej ofercie posiadamy zamki metalowe oraz estetyczne, kt\u00f3re s\u0105 mniej widoczne. Nasi ortodonci planuj\u0105 leczenie tak, aby uzyska\u0107 prosty zgryz i popraw\u0119 rys\u00f3w twarzy w optymalnym czasie.<\/div>\t\t\t\t\t\t\t\t<\/div>\n\t\t\t\t<\/div>\n\t\t<div class=\"elementor-element elementor-element-878f327 e-con-full e-grid e-con e-child\" data-id=\"878f327\" data-element_type=\"container\" data-settings=\"{&quot;background_background&quot;:&quot;classic&quot;}\">\n\t\t\t\t<div class=\"elementor-element elementor-element-3c9742a elementor-widget elementor-widget-text-editor\" data-id=\"3c9742a\" data-element_type=\"widget\" data-widget_type=\"text-editor.default\">\n\t\t\t\t<div class=\"elementor-widget-container\">\n\t\t\t\t\t\t\t\t\t<p>Check the current prices of our services at the <a href=\"https:\/\/imari.pl\/en\/cennik\/\">Price List<\/a>.<\/p>\t\t\t\t\t\t\t\t<\/div>\n\t\t\t\t<\/div>\n\t\t\t\t<div class=\"elementor-element elementor-element-fe2faf3 elementor-align-right elementor-widget elementor-widget-button\" data-id=\"fe2faf3\" data-element_type=\"widget\" data-widget_type=\"button.default\">\n\t\t\t\t<div class=\"elementor-widget-container\">\n\t\t\t\t\t\t\t\t\t<div class=\"elementor-button-wrapper\">\n\t\t\t\t\t<a class=\"elementor-button elementor-button-link elementor-size-sm\" href=\"https:\/\/imari.pl\/en\/kontakt\/#wyslij-wiadomosc\">\n\t\t\t\t\t\t<span class=\"elementor-button-content-wrapper\">\n\t\t\t\t\t\t<span class=\"elementor-button-icon\">\n\t\t\t\t<svg xmlns=\"http:\/\/www.w3.org\/2000\/svg\" viewbox=\"0 0 24 24\"><path fill-rule=\"evenodd\" d=\"M24 0v22.78h-2.87V4.9L2.03 24 0 21.97l19.1-19.1H1.26V0H24Z\"><\/path><\/svg>\t\t\t<\/span>\n\t\t\t\t\t\t\t\t\t<span class=\"elementor-button-text\">Book a consultation<\/span>\n\t\t\t\t\t<\/span>\n\t\t\t\t\t<\/a>\n\t\t\t\t<\/div>\n\t\t\t\t\t\t\t\t<\/div>\n\t\t\t\t<\/div>\n\t\t\t\t<\/div>\n\t\t\t\t\t<\/div>\n\t\t\t\t<\/div>\n\t\t\t\t<\/div>","protected":false},"excerpt":{"rendered":"<p>Aparat sta\u0142y Warszawa Tradycyjny aparat sta\u0142y w Warszawie to skuteczna metoda korekcji nawet skomplikowanych wad zgryzu. W naszej ofercie posiadamy zamki metalowe oraz estetyczne, kt\u00f3re s\u0105 mniej widoczne. Nasi ortodonci planuj\u0105 leczenie tak, aby uzyska\u0107 prosty zgryz i popraw\u0119 rys\u00f3w twarzy w optymalnym czasie. Sprawd\u017a aktualne ceny naszych us\u0142ug w cenniku. Um\u00f3w si\u0119 na konsultacj\u0119<\/p>","protected":false},"author":4,"featured_media":0,"parent":0,"menu_order":0,"comment_status":"closed","ping_status":"closed","template":"","meta":{"footnotes":""},"class_list":["post-3563","page","type-page","status-publish","hentry"],"blocksy_meta":[],"_links":{"self":[{"href":"https:\/\/imari.pl\/en\/wp-json\/wp\/v2\/pages\/3563","targetHints":{"allow":["GET"]}}],"collection":[{"href":"https:\/\/imari.pl\/en\/wp-json\/wp\/v2\/pages"}],"about":[{"href":"https:\/\/imari.pl\/en\/wp-json\/wp\/v2\/types\/page"}],"author":[{"embeddable":true,"href":"https:\/\/imari.pl\/en\/wp-json\/wp\/v2\/users\/4"}],"replies":[{"embeddable":true,"href":"https:\/\/imari.pl\/en\/wp-json\/wp\/v2\/comments?post=3563"}],"version-history":[{"count":0,"href":"https:\/\/imari.pl\/en\/wp-json\/wp\/v2\/pages\/3563\/revisions"}],"wp:attachment":[{"href":"https:\/\/imari.pl\/en\/wp-json\/wp\/v2\/media?parent=3563"}],"curies":[{"name":"wp","href":"https:\/\/api.w.org\/{rel}","templated":true}]}}